{"id":6,"date":"2014-07-28T11:46:09","date_gmt":"2014-07-28T10:46:09","guid":{"rendered":"http:\/\/www.nanotech-montreux.com\/wordpress\/?page_id=6"},"modified":"2026-04-11T10:56:07","modified_gmt":"2026-04-11T09:56:07","slug":"sponsors","status":"publish","type":"page","link":"https:\/\/www.nanotech-montreux.com\/?page_id=6","title":{"rendered":"Sponsors"},"content":{"rendered":"\n<p><em><em>NanoBioTech-Montreux is run by a&nbsp;<strong>nonprofit association<\/strong>. It mostly lives on volunteer help&nbsp;from the scientific committee and from local organizing committee.<\/em>&nbsp;<em>In order to maintain the registration fees at a reasonable level, the Conference welcomes support from&nbsp;various sponsors.<\/em><\/em><\/p>\n\n\n\n<div class=\"wp-block-button aligncenter\"><a class=\"wp-block-button__link has-very-dark-gray-color has-luminous-vivid-amber-background-color has-text-color has-background wp-element-button\" href=\"http:\/\/www.nanotech-montreux.com\/wordpress\/?page_id=822\"><strong>Click here for more information on sponsoring options<\/strong><\/a><\/div>\n\n\n\n<h6>\u00a0<\/h6>\n<p><strong>Sponsors and partners<\/strong><\/p>\n<p><img loading=\"lazy\" decoding=\"async\" class=\"size-full wp-image-5478 alignleft\" src=\"http:\/\/www.nanotech-montreux.com\/wordpress\/wp-content\/uploads\/2026\/04\/MGA-logo.png\" alt=\"\" width=\"120\" height=\"68\" \/><a href=\"https:\/\/www.mga-tech.com\" target=\"_blank\" rel=\"noopener\">MGA Technologies<\/a> designs and produces custom-made machine tools, ready-to-use equipment for factories, and assists its clients at any stage of the rollout project, upstream, and downstream. Industrial Applications: Sterile Process Engineering, Assembly and Transfer, Inspection and Testing, Primary Packaging, Secondary Packaging.<\/p>\n<p><br \/><a href=\"https:\/\/www.syngenta.com\/innovation\" target=\"_blank\" rel=\"noopener\"><img loading=\"lazy\" decoding=\"async\" class=\"wp-image-4619 alignleft\" src=\"http:\/\/www.nanotech-montreux.com\/wordpress\/wp-content\/uploads\/2023\/06\/syngenta-logo.png\" alt=\"\" width=\"186\" height=\"55\" srcset=\"https:\/\/www.nanotech-montreux.com\/wordpress\/wp-content\/uploads\/2023\/06\/syngenta-logo.png 700w, https:\/\/www.nanotech-montreux.com\/wordpress\/wp-content\/uploads\/2023\/06\/syngenta-logo-300x88.png 300w\" sizes=\"(max-width: 186px) 100vw, 186px\" \/><\/a><a href=\"https:\/\/www.syngenta.com\/innovation\" target=\"_blank\" rel=\"noopener\">Syngenta<\/a> is a leading science-based agrotech company. We help millions of farmers around the world to grow safe and nutritious food, while taking care of the planet. Syngenta makes bold discoveries in crop protection, seeds, biologicals and more through a unique ecosystem and approach powered by data, technology and collaboration.<em><br \/><\/em><em>Syngenta is kindly supporting the conference Gold sponsorship.<\/em><\/p>\n<p><a href=\"https:\/\/www.utwente.nl\/en\/eemcs\/bios\/research\/\" target=\"_blank\" rel=\"noopener\"><img loading=\"lazy\" decoding=\"async\" class=\"alignleft wp-image-5168\" src=\"http:\/\/www.nanotech-montreux.com\/wordpress\/wp-content\/uploads\/2025\/05\/Bios.png\" alt=\"\" width=\"193\" height=\"57\" srcset=\"https:\/\/www.nanotech-montreux.com\/wordpress\/wp-content\/uploads\/2025\/05\/Bios.png 1162w, https:\/\/www.nanotech-montreux.com\/wordpress\/wp-content\/uploads\/2025\/05\/Bios-300x88.png 300w, https:\/\/www.nanotech-montreux.com\/wordpress\/wp-content\/uploads\/2025\/05\/Bios-1024x301.png 1024w, https:\/\/www.nanotech-montreux.com\/wordpress\/wp-content\/uploads\/2025\/05\/Bios-768x226.png 768w\" sizes=\"(max-width: 193px) 100vw, 193px\" \/><\/a>The <strong><a href=\"https:\/\/www.utwente.nl\/en\/eemcs\/bios\/research\/\" target=\"_blank\" rel=\"noopener\">BIOS Lab-on-a-Chip<\/a><\/strong> group at University of Twente (\u201cMiniaturized systems for biomedical and environmental applications\u201d) aims at the research and development of Lab-on-a-Chip (LOC) systems. The research of objectives are to bridge the gap between users from physical, chemical, biomedical and life-science fields, to develop new micro- and nano-technologies for Lab on a Chip systems, and transfer knowledge to companies and spin offs.<br \/><em>BIOS is kindly supporting the conference Silver sponsorship, with help from Spionza foundation.<br \/><\/em><\/p>\n<p><a href=\"https:\/\/pubs.rsc.org\/en\/journals\/journalissues\/lc#!recentarticles&amp;adv\"><img loading=\"lazy\" decoding=\"async\" class=\"wp-image-4618 alignleft\" src=\"http:\/\/www.nanotech-montreux.com\/wordpress\/wp-content\/uploads\/2023\/06\/LOC-logo.png\" alt=\"\" width=\"205\" height=\"62\" srcset=\"https:\/\/www.nanotech-montreux.com\/wordpress\/wp-content\/uploads\/2023\/06\/LOC-logo.png 1316w, https:\/\/www.nanotech-montreux.com\/wordpress\/wp-content\/uploads\/2023\/06\/LOC-logo-300x91.png 300w, https:\/\/www.nanotech-montreux.com\/wordpress\/wp-content\/uploads\/2023\/06\/LOC-logo-1024x311.png 1024w, https:\/\/www.nanotech-montreux.com\/wordpress\/wp-content\/uploads\/2023\/06\/LOC-logo-768x233.png 768w\" sizes=\"(max-width: 205px) 100vw, 205px\" \/><\/a><\/p>\n<p><a href=\"https:\/\/pubs.rsc.org\/en\/journals\/journalissues\/lc#!recentarticles&amp;adv\" target=\"_blank\" rel=\"noopener\">Lab on a Chip<\/a> is a peer-reviewed scientific journal which publishes original (primary) research and review articles on any aspect of miniaturisation at the micro and nano scale. Lab on a Chip is published twice monthly by the Royal Society of Chemistry (RSC) and the editor-in-chief is Aaron Wheeler. The journal was established in 2001.<br \/><em>Lab on a chip journal is kindly supporting the conference with sponsorship<\/em><\/p>\n<p><a href=\"https:\/\/www.montreuxriviera.com\/en\/\" target=\"_blank\" rel=\"noreferrer noopener\"><img loading=\"lazy\" decoding=\"async\" class=\"alignleft wp-image-4056\" src=\"http:\/\/www.nanotech-montreux.com\/wordpress\/wp-content\/uploads\/2022\/03\/image.png\" alt=\"\" width=\"101\" height=\"129\" srcset=\"https:\/\/www.nanotech-montreux.com\/wordpress\/wp-content\/uploads\/2022\/03\/image.png 482w, https:\/\/www.nanotech-montreux.com\/wordpress\/wp-content\/uploads\/2022\/03\/image-236x300.png 236w\" sizes=\"(max-width: 101px) 100vw, 101px\" \/><\/a>Nesting between the lake and the mountains, <a href=\"https:\/\/www.montreuxriviera.com\/en\/\" target=\"_blank\" rel=\"noopener\"><strong>Montreux<\/strong><\/a>\u2019s privileged geographical location has made it a choice tourist and convention resort and the home to many <a href=\"https:\/\/www.forbes.com\/sites\/johnmariani\/2019\/06\/12\/from-lord-byron-to-freddie-mercury-vevey-and-montreux-have-lured-the-worlds-great-romantics\/\" target=\"_blank\" rel=\"noreferrer noopener\">famous residents<\/a>, festivals and cultural events. Blessed by a Mediterranean climate, the region features historic castles, vibrant towns, lovely countryside. Lavaux vineyard, a UNESCO World Heritage Site, is the jewel of Montreux Riviera. The region&#8217;s history comes to life inside the walls of <a href=\"https:\/\/www.chillon.ch\/en\/castle\/\" target=\"_blank\" rel=\"noreferrer noopener\">Chillon Castle<\/a>, where the secrets of an eventful mediaeval past are revealed; visitors can also relive the more recent Belle Epoque era on board a <a href=\"https:\/\/www.cgn.ch\/en\/montreux.html\" target=\"_blank\" rel=\"noreferrer noopener\">CGN steamer<\/a> or at one of the luxurious hotels in the area. Celebrities have always been captivated by this region&#8217;s beauty. Stars flock to the <a href=\"https:\/\/www.montreuxjazzfestival.com\/en\/\" target=\"_blank\" rel=\"noreferrer noopener\">Montreux Jazz Festival<\/a>, whereas Chaplin preferred the tranquillity of his manor house, now converted into a <a href=\"https:\/\/www.chaplinsworld.com\/en\" target=\"_blank\" rel=\"noreferrer noopener\">museum<\/a>.<br \/><em>City of Montreux is kindly supporting the conference offering excellent local wine<\/em>.<\/p>\n<p>\u00a0<\/p>\n<p>\u00a0<\/p>\n\n\n\n<h6>\u00a0<\/h6>\n<p><strong>Sponsors and partners of the previous edition, 2025<\/strong><\/p>\n<p><a href=\"https:\/\/www.csem.ch\/en\/\" target=\"_blank\" rel=\"noopener\"><img loading=\"lazy\" decoding=\"async\" class=\"alignleft wp-image-4680\" src=\"http:\/\/www.nanotech-montreux.com\/wordpress\/wp-content\/uploads\/2023\/09\/CSEM-logo.png\" alt=\"\" width=\"202\" height=\"46\" srcset=\"https:\/\/www.nanotech-montreux.com\/wordpress\/wp-content\/uploads\/2023\/09\/CSEM-logo.png 1046w, https:\/\/www.nanotech-montreux.com\/wordpress\/wp-content\/uploads\/2023\/09\/CSEM-logo-300x68.png 300w, https:\/\/www.nanotech-montreux.com\/wordpress\/wp-content\/uploads\/2023\/09\/CSEM-logo-1024x231.png 1024w, https:\/\/www.nanotech-montreux.com\/wordpress\/wp-content\/uploads\/2023\/09\/CSEM-logo-768x173.png 768w\" sizes=\"(max-width: 202px) 100vw, 202px\" \/><\/a>Founded in 1984 and headquartered in Neuch\u00e2tel, <a href=\"https:\/\/www.csem.ch\/en\/\" target=\"_blank\" rel=\"noopener\"><strong>CSEM<\/strong><\/a> is an internationally recognized innovation specialist with over 550 employees across six locations in Switzerland and more than 200 registered patents. We develop disruptive technologies with a high societal impact in the fields of precision manufacturing, digitalization, ultra-low-power electronics, optical elements, AI, and sustainable energy. We then transfer these innovations to industry partners in a variety of sectors, including renewable energy, healthcare, watchmaking, and aerospace, or encourage start-up creations. As a public-private, non-profit organization, our mission is to support the innovation of Swiss companies and strengthen the economy through ongoing collaboration with leading universities, research institutes, and industrial partners.<\/p>\n<p><a href=\"https:\/\/helbling.ch\/en\/about-us\/helbling\/about-us\" target=\"_blank\" rel=\"noopener\"><img loading=\"lazy\" decoding=\"async\" class=\"alignleft wp-image-4915\" src=\"http:\/\/www.nanotech-montreux.com\/wordpress\/wp-content\/uploads\/2024\/06\/helbling.png\" alt=\"\" width=\"197\" height=\"45\" srcset=\"https:\/\/www.nanotech-montreux.com\/wordpress\/wp-content\/uploads\/2024\/06\/helbling.png 458w, https:\/\/www.nanotech-montreux.com\/wordpress\/wp-content\/uploads\/2024\/06\/helbling-300x68.png 300w\" sizes=\"(max-width: 197px) 100vw, 197px\" \/><\/a><a href=\"https:\/\/helbling.ch\/en\/about-us\/helbling\/about-us\" target=\"_blank\" rel=\"noopener\"><strong>Helbling Group<\/strong><\/a> \u00a0has its headquarters in Switzerland and employs some 600 professionals. Helbling supports medium-sized companies and large corporations with product innovation and development, focusing particularly on the household appliance, medical technology, pharmaceutical, apparatus and laboratory equipment, transport and traffic, automotive, mechanical and plant engineering and energy systems industries.<\/p>\n<p><a href=\"https:\/\/bioalps.org\"><img loading=\"lazy\" decoding=\"async\" class=\"alignleft wp-image-4674\" src=\"http:\/\/www.nanotech-montreux.com\/wordpress\/wp-content\/uploads\/2023\/08\/Bioalps_logo_new-300x112.jpg\" alt=\"\" width=\"120\" height=\"45\" srcset=\"https:\/\/www.nanotech-montreux.com\/wordpress\/wp-content\/uploads\/2023\/08\/Bioalps_logo_new-300x112.jpg 300w, https:\/\/www.nanotech-montreux.com\/wordpress\/wp-content\/uploads\/2023\/08\/Bioalps_logo_new-1024x382.jpg 1024w, https:\/\/www.nanotech-montreux.com\/wordpress\/wp-content\/uploads\/2023\/08\/Bioalps_logo_new-768x287.jpg 768w, https:\/\/www.nanotech-montreux.com\/wordpress\/wp-content\/uploads\/2023\/08\/Bioalps_logo_new.jpg 1435w\" sizes=\"(max-width: 120px) 100vw, 120px\" \/><\/a><a href=\"https:\/\/bioalps.org\" target=\"_blank\" rel=\"noopener\"><strong>BioAlps<\/strong><\/a>, the Life Sciences cluster of Western Switzerland, offers a dynamic network, an innovative and supportive environment, and immediate access to the world of Life Sciences. It comprises an active and fertile ecosystem of research institutions, academic institutions, startup companies and large multinationals concentrated in a small, attractive geographic area with a great infrastructure.<\/p>\n<p style=\"font-weight: 400;\"><em><a href=\"https:\/\/www.mdpi.com\/journal\/micromachines\" target=\"_blank\" rel=\"noopener\"><img loading=\"lazy\" decoding=\"async\" class=\"alignleft wp-image-5293\" src=\"http:\/\/www.nanotech-montreux.com\/wordpress\/wp-content\/uploads\/2025\/09\/micromachines.jpg\" alt=\"\" width=\"240\" height=\"60\" srcset=\"https:\/\/www.nanotech-montreux.com\/wordpress\/wp-content\/uploads\/2025\/09\/micromachines.jpg 560w, https:\/\/www.nanotech-montreux.com\/wordpress\/wp-content\/uploads\/2025\/09\/micromachines-300x75.jpg 300w\" sizes=\"(max-width: 240px) 100vw, 240px\" \/><\/a><a href=\"https:\/\/www.mdpi.com\/journal\/micromachines\" target=\"_blank\" rel=\"noopener\">Micromachines<\/a><\/em> (ISSN 2072-666X) is a peer-reviewed, open access journal on the science and technology of micro\/nano-scaled structures, materials, devices and systems, published monthly online by MDPI. The journal publishes reviews, original research articles, and communications in this field. Manuscripts are peer-reviewed and a first decision is provided to authors approximately 17.2 days after submission; acceptance to publication is undertaken in 1.9 days. The journal was established in 2010.<\/p>\n<p><a href=\"http:\/\/www.epfl.ch\" target=\"_blank\" rel=\"noreferrer noopener\"><img loading=\"lazy\" decoding=\"async\" class=\"wp-image-4009 alignleft\" src=\"http:\/\/www.nanotech-montreux.com\/wordpress\/wp-content\/uploads\/2022\/03\/logo_epfl.png\" alt=\"\" width=\"161\" height=\"67\" \/><\/a><\/p>\n<p>The \u00c9cole Polytechnique F\u00e9d\u00e9rale de Lausanne (EPFL) in Lausanne has three main missions: education, research and technology transfer at the highest international level. EPFL is widely regarded as one of the world leading universities.<\/p>\n<p>\u00a0<\/p>\n","protected":false},"excerpt":{"rendered":"<p>NanoBioTech-Montreux is run by a&nbsp;nonprofit association. It mostly lives on volunteer help&nbsp;from the scientific committee and from local organizing committee.&nbsp;In&hellip; <\/p>\n","protected":false},"author":2,"featured_media":0,"parent":0,"menu_order":6,"comment_status":"closed","ping_status":"closed","template":"","meta":{"footnotes":""},"_links":{"self":[{"href":"https:\/\/www.nanotech-montreux.com\/index.php?rest_route=\/wp\/v2\/pages\/6"}],"collection":[{"href":"https:\/\/www.nanotech-montreux.com\/index.php?rest_route=\/wp\/v2\/pages"}],"about":[{"href":"https:\/\/www.nanotech-montreux.com\/index.php?rest_route=\/wp\/v2\/types\/page"}],"author":[{"embeddable":true,"href":"https:\/\/www.nanotech-montreux.com\/index.php?rest_route=\/wp\/v2\/users\/2"}],"replies":[{"embeddable":true,"href":"https:\/\/www.nanotech-montreux.com\/index.php?rest_route=%2Fwp%2Fv2%2Fcomments&post=6"}],"version-history":[{"count":122,"href":"https:\/\/www.nanotech-montreux.com\/index.php?rest_route=\/wp\/v2\/pages\/6\/revisions"}],"predecessor-version":[{"id":5485,"href":"https:\/\/www.nanotech-montreux.com\/index.php?rest_route=\/wp\/v2\/pages\/6\/revisions\/5485"}],"wp:attachment":[{"href":"https:\/\/www.nanotech-montreux.com\/index.php?rest_route=%2Fwp%2Fv2%2Fmedia&parent=6"}],"curies":[{"name":"wp","href":"https:\/\/api.w.org\/{rel}","templated":true}]}}